{"id":137,"date":"2024-06-18T21:20:38","date_gmt":"2024-06-18T19:20:38","guid":{"rendered":"https:\/\/arportnavigation.com\/?page_id=137"},"modified":"2026-03-02T00:56:31","modified_gmt":"2026-03-01T23:56:31","slug":"services","status":"publish","type":"page","link":"https:\/\/arportnavigation.com\/hu\/services\/","title":{"rendered":"Sevices"},"content":{"rendered":"<div class=\"et_pb_section_0 et_pb_section et_section_regular et_block_section\">\n<div class=\"et_pb_row_0 et_pb_row et_block_row\">\n<div class=\"et_pb_column_0 et_pb_column et_pb_column_1_2 et_block_column et_pb_css_mix_blend_mode_passthrough\">\n<div class=\"et_pb_text_0 et_pb_text et_pb_bg_layout_dark et_animated et_pb_module et_block_module\"><div class=\"et_pb_text_inner\"><h1>Egy \u00faj technol\u00f3gia \u00d6nnek<\/h1>\n<\/div><\/div>\n\n<div class=\"et_pb_text_1 et_pb_text et_pb_bg_layout_dark et_animated et_pb_module et_block_module\"><div class=\"et_pb_text_inner\"><p><span style=\"font-weight: 400;\">Fedezze fel a forradalmi megold\u00e1st, amely minimaliz\u00e1lja a k\u00f6lts\u00e9geket \u00e9s n\u00f6veli a felhaszn\u00e1l\u00f3i el\u00e9gedetts\u00e9get valamint a navig\u00e1ci\u00f3s hat\u00e9konys\u00e1got. \u00daj technol\u00f3gi\u00e1nk a leg\u00fajabb AR fejleszt\u00e9seket haszn\u00e1lja, hogy a felhaszn\u00e1l\u00f3k a lehet\u0151 legk\u00f6nnyebben megtal\u00e1lj\u00e1k \u00fatic\u00e9ljaikat.<\/span><\/p>\n<\/div><\/div>\n<\/div>\n\n<div class=\"et_pb_column_1 et_pb_column et_pb_column_1_2 et-last-child et_block_column et_pb_css_mix_blend_mode_passthrough\">\n<div class=\"et_pb_image_0 et_pb_image et_animated et_pb_module et_block_module\"><span class=\"et_pb_image_wrap\"><img loading=\"lazy\" decoding=\"async\" src=\"https:\/\/arportnavigation.com\/wp-content\/uploads\/2024\/12\/9022842-Recovered_bevasarlokozpont.png\" width=\"2000\" height=\"2000\" srcset=\"https:\/\/arportnavigation.com\/wp-content\/uploads\/2024\/12\/9022842-Recovered_bevasarlokozpont.png 2000w, https:\/\/arportnavigation.com\/wp-content\/uploads\/2024\/12\/9022842-Recovered_bevasarlokozpont-1280x1280.png 1280w, https:\/\/arportnavigation.com\/wp-content\/uploads\/2024\/12\/9022842-Recovered_bevasarlokozpont-980x980.png 980w, https:\/\/arportnavigation.com\/wp-content\/uploads\/2024\/12\/9022842-Recovered_bevasarlokozpont-480x480.png 480w\" sizes=\"(min-width: 0px) and (max-width: 480px) 480px, (min-width: 481px) and (max-width: 980px) 980px, (min-width: 981px) and (max-width: 1280px) 1280px, (min-width: 1281px) 2000px, 100vw\" class=\"wp-image-1011\" title=\"9022842-Recovered_bevasarlokozpont\" \/><\/span><\/div>\n<\/div>\n<\/div>\n\n<div class=\"et_pb_row_1 et_pb_row et_block_row\">\n<div class=\"et_pb_column_2 et_pb_column et_pb_column_4_4 et-last-child et_block_column et_pb_css_mix_blend_mode_passthrough\">\n<div class=\"et_pb_image_1 et_pb_image et_pb_image_sticky et_pb_module et_block_module\"><\/div>\n<\/div>\n<\/div>\n<\/div>\n\n<div class=\"et_pb_section_1 et_pb_section et_section_regular et_block_section\">\n<div class=\"et_pb_row_2 et_pb_row et_block_row\">\n<div class=\"et_pb_column_3 et_pb_column et_pb_column_1_3 et_block_column et_pb_css_mix_blend_mode_passthrough et_animated\">\n<div class=\"et_pb_blurb_0 et_pb_blurb et_pb_bg_layout_light et_pb_text_align_center et_pb_blurb_position_top et_pb_module et_block_module\"><div class=\"et_pb_blurb_content\"><div class=\"et_pb_main_blurb_image\"><span class=\"et_pb_image_wrap et_pb_only_image_mode_wrap\"><img loading=\"lazy\" decoding=\"async\" src=\"https:\/\/arportnavigation.com\/wp-content\/uploads\/2024\/07\/wifi.png\" width=\"512\" height=\"512\" srcset=\"https:\/\/arportnavigation.com\/wp-content\/uploads\/2024\/07\/wifi.png 512w, https:\/\/arportnavigation.com\/wp-content\/uploads\/2024\/07\/wifi-480x480.png 480w\" sizes=\"(min-width: 0px) and (max-width: 480px) 480px, (min-width: 481px) 512px, 100vw\" class=\"et-waypoint et_pb_animation_top et_pb_animation_top_tablet et_pb_animation_top_phone wp-image-747\" title=\"wifi\" \/><\/span><\/div><div class=\"et_pb_blurb_container\"><h4 class=\"et_pb_module_header\">Online \u00datvonaltervez\u00e9s<\/h4><div class=\"et_pb_blurb_description\"><p><span style=\"font-weight: 400;\">Megold\u00e1sunk k\u00e9pes a m\u00e1r megl\u00e9v\u0151 Wi-Fi h\u00e1l\u00f3zati infrastrukt\u00fara kihaszn\u00e1l\u00e1s\u00e1ra, hogy m\u00e9g nagyobb pontoss\u00e1got biztos\u00edtson a navig\u00e1ci\u00f3ban. Ez lehet\u0151v\u00e9 teszi a pontos helymeghat\u00e1roz\u00e1st \u00e9s z\u00f6kken\u0151mentes felhaszn\u00e1l\u00f3i \u00e9lm\u00e9nyt az olyan k\u00f6rnyezetekben, amelyek m\u00e1r rendelkeznekvalamilyen  h\u00e1l\u00f3zati lefedetts\u00e9ggel.<\/span><\/p>\n<\/div><\/div><\/div><\/div>\n<\/div>\n\n<div class=\"et_pb_column_4 et_pb_column et_pb_column_1_3 et_block_column et_pb_css_mix_blend_mode_passthrough et_animated\">\n<div class=\"et_pb_blurb_1 et_pb_blurb et_pb_bg_layout_light et_pb_text_align_center et_pb_blurb_position_top et_pb_module et_block_module\"><div class=\"et_pb_blurb_content\"><div class=\"et_pb_main_blurb_image\"><span class=\"et_pb_image_wrap et_pb_only_image_mode_wrap\"><img loading=\"lazy\" decoding=\"async\" src=\"https:\/\/arportnavigation.com\/wp-content\/uploads\/2024\/07\/no-wifi.png\" width=\"512\" height=\"512\" srcset=\"https:\/\/arportnavigation.com\/wp-content\/uploads\/2024\/07\/no-wifi.png 512w, https:\/\/arportnavigation.com\/wp-content\/uploads\/2024\/07\/no-wifi-480x480.png 480w\" sizes=\"(min-width: 0px) and (max-width: 480px) 480px, (min-width: 481px) 512px, 100vw\" class=\"et-waypoint et_pb_animation_top et_pb_animation_top_tablet et_pb_animation_top_phone wp-image-746\" title=\"no-wifi\" \/><\/span><\/div><div class=\"et_pb_blurb_container\"><h4 class=\"et_pb_module_header\">Offline \u00datvonaltervez\u00e9s<\/h4><div class=\"et_pb_blurb_description\"><p><span style=\"font-weight: 400;\">Our core solution effectively eliminates the need for Wi-Fi, making it ideal for indoor venues or places where network solutions can't be deployed.<\/span><\/p>\n<\/div><\/div><\/div><\/div>\n<\/div>\n\n<div class=\"et_pb_column_5 et_pb_column et_pb_column_1_3 et-last-child et_block_column et_pb_css_mix_blend_mode_passthrough et_animated\">\n<div class=\"et_pb_blurb_2 et_pb_blurb et_pb_bg_layout_light et_pb_text_align_center et_pb_blurb_position_top et_pb_module et_block_module\"><div class=\"et_pb_blurb_content\"><div class=\"et_pb_main_blurb_image\"><span class=\"et_pb_image_wrap et_pb_only_image_mode_wrap\"><img loading=\"lazy\" decoding=\"async\" src=\"https:\/\/arportnavigation.com\/wp-content\/uploads\/2024\/07\/mobile_12869990_arport.png\" width=\"514\" height=\"513\" srcset=\"https:\/\/arportnavigation.com\/wp-content\/uploads\/2024\/07\/mobile_12869990_arport.png 514w, https:\/\/arportnavigation.com\/wp-content\/uploads\/2024\/07\/mobile_12869990_arport-480x479.png 480w\" sizes=\"(min-width: 0px) and (max-width: 480px) 480px, (min-width: 481px) 514px, 100vw\" class=\"et-waypoint et_pb_animation_top et_pb_animation_top_tablet et_pb_animation_top_phone wp-image-744\" title=\"mobile_12869990_arport\" \/><\/span><\/div><div class=\"et_pb_blurb_container\"><h4 class=\"et_pb_module_header\">K\u00fcls\u0151 Hardver N\u00e9lk\u00fcl<\/h4><div class=\"et_pb_blurb_description\"><p><span style=\"font-weight: 400;\">Minimaliz\u00e1ljuk a k\u00f6lts\u00e9geit an\u00e9lk\u00fcl, hogy k\u00fcls\u0151 eszk\u00f6z\u00f6ket kellene telep\u00edteni. Az ARport-tal nincs sz\u00fcks\u00e9g semmilyen k\u00fcls\u0151 hardverre az okostelefonon k\u00edv\u00fcl, \u00edgy egyszer\u0171s\u00edtve az \u00fatvonaltervez\u00e9st.<\/span><\/p>\n<\/div><\/div><\/div><\/div>\n<\/div>\n<\/div>\n<\/div>\n\n<div class=\"et_pb_section_2 et_pb_section et_section_regular et_block_section section_has_divider et_pb_top_divider et_pb_bottom_divider\"><div class=\"et_pb_top_inside_divider et-no-transition\"><\/div>\n<div class=\"et_pb_row_3 et_pb_row et_block_row\">\n<div class=\"et_pb_column_6 et_pb_column et_pb_column_1_2 et_block_column et_pb_css_mix_blend_mode_passthrough\">\n<div class=\"et_pb_text_2 et_pb_text et_pb_bg_layout_dark et_animated et_pb_module et_block_module\"><div class=\"et_pb_text_inner\"><h3><span style=\"color: #cc99ff;\">Szolg\u00e1ltat\u00e1s<\/span><\/h3>\n<h2>Belt\u00e9ri Navig\u00e1ci\u00f3<\/h2>\n<\/div><\/div>\n\n<div class=\"et_pb_divider_0 et_pb_divider et_pb_space et_pb_divider_position_top et_animated et_pb_module\"><div class=\"et_pb_divider_internal\"><\/div><\/div>\n\n<div class=\"et_pb_text_3 et_pb_text et_pb_bg_layout_dark et_animated et_pb_module et_block_module\"><div class=\"et_pb_text_inner\"><p><span style=\"font-weight: 400;\">A belt\u00e9ri navig\u00e1ci\u00f3 probl\u00e9m\u00e1j\u00e1hoz val\u00f3 megk\u00f6zel\u00edt\u00e9s\u00fcnk jelent\u0151sen elt\u00e9r a versenyt\u00e1rsaink m\u00f3dszereit\u0151l. Mi az \u00fcgyf\u00e9l el\u00e9gedetts\u00e9g\u00e9re f\u00f3kusz\u00e1lunk, biztos\u00edtva, hogy minden felhaszn\u00e1l\u00f3 b\u00e1rmilyen k\u00f6rnyezetben r\u00e9szes\u00fclj\u00f6n a megold\u00e1saink adta el\u0151ny\u00f6kb\u0151l. Fejlett technol\u00f3gi\u00e1nk alkalmazkodik a k\u00fcl\u00f6nf\u00e9le kih\u00edv\u00e1sokhoz, z\u00f6kken\u0151mentes navig\u00e1ci\u00f3t \u00e9s jobb felhaszn\u00e1l\u00f3i \u00e9lm\u00e9nyt ny\u00fajtva.<\/span><\/p>\n<\/div><\/div>\n<\/div>\n\n<div class=\"et_pb_column_7 et_pb_column et_pb_column_1_2 et-last-child et_block_column et_pb_css_mix_blend_mode_passthrough\">\n<div class=\"et_pb_image_2 et_pb_image et_animated et_pb_module et_block_module\"><span class=\"et_pb_image_wrap\"><img loading=\"lazy\" decoding=\"async\" src=\"https:\/\/arportnavigation.com\/wp-content\/uploads\/2024\/07\/New-Point-Select_Hand-Holding-Phone-2-scaled.jpg\" width=\"2560\" height=\"2560\" srcset=\"https:\/\/arportnavigation.com\/wp-content\/uploads\/2024\/07\/New-Point-Select_Hand-Holding-Phone-2-scaled.jpg 2560w, https:\/\/arportnavigation.com\/wp-content\/uploads\/2024\/07\/New-Point-Select_Hand-Holding-Phone-2-1280x1280.jpg 1280w, https:\/\/arportnavigation.com\/wp-content\/uploads\/2024\/07\/New-Point-Select_Hand-Holding-Phone-2-980x980.jpg 980w, https:\/\/arportnavigation.com\/wp-content\/uploads\/2024\/07\/New-Point-Select_Hand-Holding-Phone-2-480x480.jpg 480w\" sizes=\"(min-width: 0px) and (max-width: 480px) 480px, (min-width: 481px) and (max-width: 980px) 980px, (min-width: 981px) and (max-width: 1280px) 1280px, (min-width: 1281px) 2560px, 100vw\" class=\"wp-image-619\" title=\"New Point Select_Hand Holding Phone-2\" \/><\/span><\/div>\n<\/div>\n<\/div>\n\n<div class=\"et_pb_row_4 et_pb_row et-vb-row--no-module et_block_row\">\n<div class=\"et_pb_column_8 et_pb_column et_pb_column_2_5 et_block_column et_pb_column_empty et_pb_css_mix_blend_mode_passthrough\"><\/div>\n\n<div class=\"et_pb_column_9 et_pb_column et_pb_column_3_5 et-last-child et_block_column et_pb_column_empty et_pb_css_mix_blend_mode_passthrough\"><\/div>\n<\/div>\n<div class=\"et_pb_bottom_inside_divider et-no-transition\"><\/div><\/div>\n\n<div class=\"et_pb_section_3 et_pb_section et_section_regular et_block_section\">\n<div class=\"et_pb_row_5 et_pb_row et_block_row\">\n<div class=\"et_pb_column_10 et_pb_column et_pb_column_1_2 et_block_column et_pb_css_mix_blend_mode_passthrough\">\n<div class=\"et_pb_image_3 et_pb_image et_pb_image_sticky et_animated et_pb_module et_block_module\"><span class=\"et_pb_image_wrap\"><img loading=\"lazy\" decoding=\"async\" src=\"https:\/\/arportnavigation.com\/wp-content\/uploads\/2024\/08\/8943913.png\" width=\"2838\" height=\"1782\" srcset=\"https:\/\/arportnavigation.com\/wp-content\/uploads\/2024\/08\/8943913.png 2838w, https:\/\/arportnavigation.com\/wp-content\/uploads\/2024\/08\/8943913-1280x804.png 1280w, https:\/\/arportnavigation.com\/wp-content\/uploads\/2024\/08\/8943913-980x615.png 980w, https:\/\/arportnavigation.com\/wp-content\/uploads\/2024\/08\/8943913-480x301.png 480w\" sizes=\"(min-width: 0px) and (max-width: 480px) 480px, (min-width: 481px) and (max-width: 980px) 980px, (min-width: 981px) and (max-width: 1280px) 1280px, (min-width: 1281px) 2838px, 100vw\" class=\"wp-image-859\" title=\"8943913\" \/><\/span><\/div>\n<\/div>\n\n<div class=\"et_pb_column_11 et_pb_column et_pb_column_1_2 et-last-child et_block_column et_pb_css_mix_blend_mode_passthrough\">\n<div class=\"et_pb_text_4 et_pb_text et_pb_bg_layout_light et_pb_bg_layout_dark_tablet et_animated et_pb_module et_block_module\"><div class=\"et_pb_text_inner\"><h1><span style=\"color: #000000;\"><b>Befogad\u00f3 Navig\u00e1ci\u00f3 Mindenkinek<\/b><\/span><\/h1>\n<\/div><\/div>\n\n<div class=\"et_pb_text_5 et_pb_text et_pb_bg_layout_light et_pb_bg_layout_dark_tablet et_animated et_pb_module et_block_module\"><div class=\"et_pb_text_inner\"><p><span style=\"font-weight: 400; color: #000000;\">Az ARport-n\u00e1l priorit\u00e1sk\u00e9nt kezelj\u00fck a t\u00e1rsadalom minden tagj\u00e1nak hozz\u00e1f\u00e9rhet\u0151s\u00e9g\u00e9t, amely alapvet\u0151 \u00e9rt\u00e9keinket t\u00fckr\u00f6zi. Navig\u00e1ci\u00f3s megold\u00e1sainkat \u00fagy tervezt\u00fck, hogy t\u00e1mogass\u00e1k a korl\u00e1tozott mobilit\u00e1s\u00fa egy\u00e9neket \u00e9s a babakocsival k\u00f6zleked\u0151 csal\u00e1dokat. Sz\u00e1mukra fejlesztett\u00fck ki az alternat\u00edv \u00fatvonaltervez\u00e9st, amely el\u0151nyben r\u00e9szes\u00edti a lifteket a l\u00e9pcs\u0151k \u00e9s mozg\u00f3l\u00e9pcs\u0151kkel szemben. Ezeket az \u00e9rt\u00e9keket szolg\u00e1ltat\u00e1sainkba be\u00e9p\u00edtve biztos\u00edtjuk a g\u00f6rd\u00fcl\u00e9keny \u00e9s befogad\u00f3 \u00e9lm\u00e9nyt, seg\u00edtve mindenkit a k\u00f6nny\u0171 t\u00e1j\u00e9koz\u00f3d\u00e1sban.<\/span><\/p>\n<\/div><\/div>\n<\/div>\n<\/div>\n<\/div>\n\n<div class=\"et_pb_section_4 et_pb_section et_section_regular et_block_section\">\n<div class=\"et_pb_row_6 et_pb_row et_block_row\">\n<div class=\"et_pb_column_12 et_pb_column et_pb_column_2_5 et_block_column et_pb_css_mix_blend_mode_passthrough\">\n<div class=\"et_pb_text_6 et_pb_text et_pb_bg_layout_dark et_animated et_pb_module et_block_module\"><div class=\"et_pb_text_inner\"><h3><span style=\"color: #aa94ef;\">Jellemz\u0151k<\/span><\/h3>\n<h2><span style=\"color: #000000;\">Amit k\u00edn\u00e1lunk<\/span><\/h2>\n<\/div><\/div>\n\n<div class=\"et_pb_text_7 et_pb_text et_pb_bg_layout_dark et_animated et_pb_module et_block_module\"><div class=\"et_pb_text_inner\"><p><span style=\"font-weight: 400; color: #0a0a0a;\">Aj\u00e1nlatunk k\u00fcl\u00f6nb\u00f6z\u0151 megold\u00e1sokb\u00f3l \u00e1ll, amelyek b\u00e1rmely helysz\u00edn vagy l\u00e9tes\u00edtm\u00e9ny sz\u00e1m\u00e1ra hasznosak lehetnek. A k\u00f6vetkez\u0151 h\u00e1rom f\u0151 ter\u00fclet jelenthet \u00e1tt\u00f6r\u00e9st az \u00d6n helysz\u00edn\u00e9n.<\/span><\/p>\n<\/div><\/div>\n<\/div>\n\n<div class=\"et_pb_column_13 et_pb_column et_pb_column_3_5 et-last-child et_block_column et_pb_css_mix_blend_mode_passthrough\">\n<div class=\"et_pb_blurb_3 et_pb_blurb et_pb_bg_layout_light et_pb_text_align_center et_pb_blurb_position_left et_animated et_pb_module et_block_module\"><div class=\"et_pb_blurb_content\"><div class=\"et_pb_main_blurb_image\"><span class=\"et_pb_image_wrap et_pb_only_image_mode_wrap\"><img loading=\"lazy\" decoding=\"async\" src=\"https:\/\/arportnavigation.com\/wp-content\/uploads\/2024\/07\/curved-arrow.png\" width=\"512\" height=\"512\" srcset=\"https:\/\/arportnavigation.com\/wp-content\/uploads\/2024\/07\/curved-arrow.png 512w, https:\/\/arportnavigation.com\/wp-content\/uploads\/2024\/07\/curved-arrow-480x480.png 480w\" sizes=\"(min-width: 0px) and (max-width: 480px) 480px, (min-width: 481px) 512px, 100vw\" class=\"et-waypoint et_pb_animation_top et_pb_animation_top_tablet et_pb_animation_top_phone wp-image-633\" title=\"curved-arrow\" \/><\/span><\/div><div class=\"et_pb_blurb_container\"><h4 class=\"et_pb_module_header\">\u00datvonaltervez\u00e9si Megold\u00e1sok<\/h4><div class=\"et_pb_blurb_description\"><p><span style=\"font-weight: 400;\">Olyan \u00fatvonaltervez\u00e9si m\u00f3dszert fejlesztett\u00fcnk ki, amely k\u00f6nnyed\u00e9n megkeresi a legr\u00f6videbb \u00fatvonalakat k\u00e9t pont k\u00f6z\u00f6tt egy leegyszer\u0171s\u00edtett s\u00e9m\u00e1t haszn\u00e1lva, kik\u00fcsz\u00f6b\u00f6lve a t\u00falzottan pontos 3D szkennel\u00e9s sz\u00fcks\u00e9gess\u00e9g\u00e9t. Megold\u00e1sunk k\u00f6nnyen m\u00f3dos\u00edthat\u00f3, lehet\u0151v\u00e9 t\u00e9ve a gyors igaz\u00edt\u00e1sokat b\u00e1rmilyen v\u00e1ltoz\u00e1sra reag\u00e1lva.<\/span><\/p>\n<\/div><\/div><\/div><\/div>\n\n<div class=\"et_pb_blurb_4 et_pb_blurb et_pb_bg_layout_light et_pb_text_align_center et_pb_blurb_position_left et_animated et_pb_module et_block_module\"><div class=\"et_pb_blurb_content\"><div class=\"et_pb_main_blurb_image\"><span class=\"et_pb_image_wrap et_pb_only_image_mode_wrap\"><img loading=\"lazy\" decoding=\"async\" src=\"https:\/\/arportnavigation.com\/wp-content\/uploads\/2024\/07\/flash-sale.png\" width=\"512\" height=\"512\" srcset=\"https:\/\/arportnavigation.com\/wp-content\/uploads\/2024\/07\/flash-sale.png 512w, https:\/\/arportnavigation.com\/wp-content\/uploads\/2024\/07\/flash-sale-480x480.png 480w\" sizes=\"(min-width: 0px) and (max-width: 480px) 480px, (min-width: 481px) 512px, 100vw\" class=\"et-waypoint et_pb_animation_top et_pb_animation_top_tablet et_pb_animation_top_phone wp-image-635\" title=\"flash-sale\" \/><\/span><\/div><div class=\"et_pb_blurb_container\"><h4 class=\"et_pb_module_header\">Virtu\u00e1lis T\u00e9r a Kommunik\u00e1ci\u00f3hoz<\/h4><div class=\"et_pb_blurb_description\"><p><span style=\"font-weight: 400;\">Egy korszer\u0171 helysz\u00edn eset\u00e9n kulcsfontoss\u00e1g\u00fa, hogy maxim\u00e1lisan kihaszn\u00e1ljuk a 3D virtu\u00e1lis t\u00e9r adta lehet\u0151s\u00e9geket a l\u00e1togat\u00f3kkal \u00e9s \u00fcgyfelekkel val\u00f3 inform\u00e1ci\u00f3cser\u00e9re. A virtu\u00e1lisan kivet\u00edtett t\u00e9rben lehet\u0151s\u00e9g ny\u00edlik extra inform\u00e1ci\u00f3k megjelen\u00edt\u00e9s\u00e9re az adott helysz\u00ednr\u0151l, biztons\u00e1gi \u00e9rtes\u00edt\u00e9sek k\u00f6zl\u00e9s\u00e9re, s\u0151t, virtu\u00e1lis rekl\u00e1mok elhelyez\u00e9s\u00e9re is, ezzel n\u00f6velve az \u00fcgyfelek elk\u00f6telez\u0151d\u00e9s\u00e9t.<\/span><\/p>\n<\/div><\/div><\/div><\/div>\n\n<div class=\"et_pb_blurb_5 et_pb_blurb et_pb_bg_layout_light et_pb_text_align_center et_pb_blurb_position_left et_animated et_pb_module et_block_module\"><div class=\"et_pb_blurb_content\"><div class=\"et_pb_main_blurb_image\"><span class=\"et_pb_image_wrap et_pb_only_image_mode_wrap\"><img loading=\"lazy\" decoding=\"async\" src=\"https:\/\/arportnavigation.com\/wp-content\/uploads\/2024\/07\/interactive-display.png\" width=\"512\" height=\"512\" srcset=\"https:\/\/arportnavigation.com\/wp-content\/uploads\/2024\/07\/interactive-display.png 512w, https:\/\/arportnavigation.com\/wp-content\/uploads\/2024\/07\/interactive-display-480x480.png 480w\" sizes=\"(min-width: 0px) and (max-width: 480px) 480px, (min-width: 481px) 512px, 100vw\" class=\"et-waypoint et_pb_animation_top et_pb_animation_top_tablet et_pb_animation_top_phone wp-image-634\" title=\"interactive-display\" \/><\/span><\/div><div class=\"et_pb_blurb_container\"><h4 class=\"et_pb_module_header\">Adatgy\u0171jt\u00e9s<\/h4><div class=\"et_pb_blurb_description\"><p><span style=\"font-weight: 400;\">A ter\u00fclet kihaszn\u00e1lts\u00e1g\u00e1nak optimaliz\u00e1l\u00e1sa \u00e9s a hat\u00e9konys\u00e1g n\u00f6vel\u00e9se \u00e9rdek\u00e9ben az etikus adatgy\u0171jt\u00e9s kiemelt szerepet j\u00e1tszik. Ha az \u00d6n helysz\u00edn\u00e9n is alkalmazhat\u00f3, akkor lehet\u0151s\u00e9g ny\u00edlik arra, hogy \u00e9rt\u00e9kes adatokat gy\u0171jts\u00fcnk a felhaszn\u00e1l\u00f3kr\u00f3l. Ez lehet\u0151v\u00e9 teszi a t\u00e9r maxim\u00e1lis kihaszn\u00e1l\u00e1s\u00e1t \u00e9s a m\u0171k\u00f6d\u00e9s hat\u00e9konys\u00e1g\u00e1nak jav\u00edt\u00e1s\u00e1t.<\/span><\/p>\n<\/div><\/div><\/div><\/div>\n<\/div>\n<\/div>\n<\/div>\n\n<div class=\"et_pb_section_5 et_pb_section et_section_regular et_block_section\">\n<div class=\"et_pb_row_7 et_pb_row et_pb_equal_columns et_pb_gutters1 et_block_row\">\n<div class=\"et_pb_column_14 et_pb_column et_pb_column_1_2 et_block_column et_pb_css_mix_blend_mode_passthrough et_animated\">\n<div class=\"et_pb_text_8 et_pb_text et_pb_bg_layout_light et_animated et_pb_module et_block_module et_pb_text_align_center\"><div class=\"et_pb_text_inner\"><h2><span style=\"font-size: xx-large;\"><strong><span style=\"color: #ffffff; font-family: Montserrat;\">V\u00e1gjunk bele!<\/span><\/strong><\/span><\/h2>\n<\/div><\/div>\n\n<div class=\"et_pb_text_9 et_pb_text et_pb_bg_layout_light et_animated et_pb_module et_block_module et_pb_text_align_center\"><div class=\"et_pb_text_inner\"><p>\n<light><span style=\"color: #ffffff; font-family: Overpass;\">Vegye fel vel\u00fcnk a kapcsolatot, hogy szem\u00e9lyre szabott aj\u00e1nlatot kapjon helysz\u00edn\u00e9re!<\/span><\/light><\/p>\n<\/div><\/div>\n<\/div>\n\n<div class=\"et_pb_column_15 et_pb_column et_pb_column_1_2 et-last-child et_block_column et_pb_css_mix_blend_mode_passthrough\">\n<div class=\"et_pb_text_10 et_pb_text et_pb_bg_layout_light et_animated et_clickable et_pb_module et_block_module et_pb_text_align_center\"><div class=\"et_pb_text_inner\"><h2 style=\"text-align: center;\"><span style=\"font-size: xx-large; color: #8300e9;\"><strong><span style=\"font-family: Montserrat;\">Kapcsolat<\/span><\/strong><\/span><\/h2>\n<\/div><\/div>\n\n<div class=\"et_pb_blurb_6 et_pb_blurb et_pb_bg_layout_light et_pb_text_align_center et_pb_blurb_position_left et_animated et_pb_module et_block_module\"><div class=\"et_pb_blurb_content\"><div class=\"et_pb_main_blurb_image\"><a href=\"mailto:info@arportnavigation.com\"><span class=\"et_pb_image_wrap\"><span class=\"et-pb-icon et-waypoint et_pb_animation_top et_pb_animation_top_tablet et_pb_animation_top_phone\">\uf0e0<\/span><\/span><\/a><\/div><div class=\"et_pb_blurb_container\"><h4 class=\"et_pb_module_header\"><a href=\"mailto:info@arportnavigation.com\">info@arportnavigation.com<\/a><\/h4><div class=\"et_pb_blurb_description\"><p><span style=\"font-family: Overpass;\">Budapest, Magyarorsz\u00e1g<\/span><\/p>\n<\/div><\/div><\/div><\/div>\n<\/div>\n<\/div>\n<\/div>","protected":false},"excerpt":{"rendered":"","protected":false},"author":1,"featured_media":0,"parent":0,"menu_order":0,"comment_status":"closed","ping_status":"closed","template":"","meta":{"footnotes":""},"class_list":["post-137","page","type-page","status-publish","hentry"],"_links":{"self":[{"href":"https:\/\/arportnavigation.com\/hu\/wp-json\/wp\/v2\/pages\/137","targetHints":{"allow":["GET"]}}],"collection":[{"href":"https:\/\/arportnavigation.com\/hu\/wp-json\/wp\/v2\/pages"}],"about":[{"href":"https:\/\/arportnavigation.com\/hu\/wp-json\/wp\/v2\/types\/page"}],"author":[{"embeddable":true,"href":"https:\/\/arportnavigation.com\/hu\/wp-json\/wp\/v2\/users\/1"}],"replies":[{"embeddable":true,"href":"https:\/\/arportnavigation.com\/hu\/wp-json\/wp\/v2\/comments?post=137"}],"version-history":[{"count":105,"href":"https:\/\/arportnavigation.com\/hu\/wp-json\/wp\/v2\/pages\/137\/revisions"}],"predecessor-version":[{"id":1640,"href":"https:\/\/arportnavigation.com\/hu\/wp-json\/wp\/v2\/pages\/137\/revisions\/1640"}],"wp:attachment":[{"href":"https:\/\/arportnavigation.com\/hu\/wp-json\/wp\/v2\/media?parent=137"}],"curies":[{"name":"wp","href":"https:\/\/api.w.org\/{rel}","templated":true}]}}