{"id":139,"date":"2024-06-18T21:20:51","date_gmt":"2024-06-18T19:20:51","guid":{"rendered":"https:\/\/arportnavigation.com\/?page_id=139"},"modified":"2026-03-01T23:44:49","modified_gmt":"2026-03-01T22:44:49","slug":"contact","status":"publish","type":"page","link":"https:\/\/arportnavigation.com\/hu\/contact\/","title":{"rendered":"Kapcsolat"},"content":{"rendered":"<div class=\"et_pb_section_0 et_pb_section et_pb_fullwidth_section et_section_regular et_block_section et_animated section_has_divider et_pb_bottom_divider\"><div class=\"et_pb_bottom_inside_divider et-no-transition\"><\/div><\/div><div class=\"et_pb_section_1 et_pb_section et_section_regular et_block_section\"><div class=\"et_pb_row_0 et_pb_row et_block_row et_animated\"><div class=\"et_pb_column_0 et_pb_column et_pb_column_4_4 et-last-child et_block_column et_pb_css_mix_blend_mode_passthrough\"><div class=\"et_pb_text_0 et_pb_text et_pb_bg_layout_light et_pb_module et_block_module preset--module--divi-text--b0bf5418-994a-43d1-aef8-7d7c6764119d\"><div class=\"et_pb_text_inner\"><h1>Kapcsolat<\/h1>\n<\/div><\/div><\/div><\/div><div class=\"et_pb_row_1 et_pb_row et_block_row\"><div class=\"et_pb_column_1 et_pb_column et_pb_column_1_2 et_block_column et_pb_css_mix_blend_mode_passthrough\"><div class=\"et_pb_text_1 et_pb_text et_pb_bg_layout_light et_animated et_pb_module et_block_module preset--module--divi-text--3fc5abb1-35dc-424b-b073-9c70a2f7c68a\"><div class=\"et_pb_text_inner\"><p>Email<\/p>\n<\/div><\/div><div class=\"et_pb_text_2 et_pb_text et_pb_bg_layout_light et_animated et_pb_module et_block_module preset--module--divi-text--2e1ca0a8-a515-4ca3-8814-65eea4b82393\"><div class=\"et_pb_text_inner\"><p><a href=\"mailto:info@arportnavigation.com\">info@arportnavigation.com<\/a><\/p>\n<\/div><\/div><\/div><div class=\"et_pb_column_2 et_pb_column et_pb_column_1_2 et-last-child et_block_column et_pb_css_mix_blend_mode_passthrough\"><div class=\"et_pb_contact_form_0 et_pb_contact_form_container clearfix et_pb_recaptcha_enabled et_animated et_pb_module et_flex_module\" data-form_unique_num=\"0\" data-form_unique_id=\"c566ca50-aa12-44db-91bd-fe7dec3a0fb8\" id=\"et_pb_contact_form_c566ca50-aa12-44db-91bd-fe7dec3a0fb8\"><div class=\"et-pb-contact-message\"><\/div><div class=\"et_pb_contact\"><form class=\"et_pb_contact_form et_flex_module\" method=\"post\" action=\"https:\/\/arportnavigation.com\/hu\/wp-json\/wp\/v2\/pages\/139\" data-trp-original-action=\"https:\/\/arportnavigation.com\/hu\/wp-json\/wp\/v2\/pages\/139\"><div class=\"et_pb_contact_field_0 et_pb_contact_field et_pb_module et_flex_module et_flex_column_24_24 et_flex_column_24_24_tablet et_flex_column_24_24_phone\" data-id=\"name\" data-type=\"input\"><label class=\"et_pb_contact_form_label\" for=\"et_pb_contact_0_name_0\">N\u00e9v<\/label><input type=\"text\" name=\"et_pb_contact_0_name_0\" id=\"et_pb_contact_0_name_0\" class=\"input\" data-required_mark=\"required\" data-field_type=\"input\" data-original_id=\"name\" placeholder=\"N\u00e9v\" title=\"\" value=\"\" \/><\/div><div class=\"et_pb_contact_field_1 et_pb_contact_field et_pb_module et_flex_module et_flex_column_24_24 et_flex_column_24_24_tablet et_flex_column_24_24_phone\" data-id=\"email\" data-type=\"email\"><label class=\"et_pb_contact_form_label\" for=\"et_pb_contact_0_email_1\">Email c\u00edm<\/label><input type=\"text\" name=\"et_pb_contact_0_email_1\" id=\"et_pb_contact_0_email_1\" class=\"input\" data-required_mark=\"required\" data-field_type=\"email\" data-original_id=\"email\" placeholder=\"Email c\u00edm\" title=\"\" value=\"\" \/><\/div><div class=\"et_pb_contact_field_2 et_pb_contact_field et_pb_module et_flex_module et_flex_column_24_24 et_flex_column_24_24_tablet et_flex_column_24_24_phone\" data-id=\"message\" data-type=\"text\"><label class=\"et_pb_contact_form_label\" for=\"et_pb_contact_0_message_2\">\u00dczenet<\/label><textarea name=\"et_pb_contact_0_message_2\" id=\"et_pb_contact_0_message_2\" class=\"et_pb_contact_message input\" data-required_mark=\"required\" data-field_type=\"text\" data-original_id=\"message\" placeholder=\"\u00dczenet\"><\/textarea><\/div><input type=\"hidden\" name=\"et_pb_contactform_submit_c566ca50-aa12-44db-91bd-fe7dec3a0fb8\" value=\"et_contact_proccess\" \/><div class=\"et_contact_bottom_container\"><div class=\"et_pb_button_wrapper\"><button type=\"submit\" name=\"et_builder_submit_button\" class=\"et_pb_button et_pb_contact_submit\">K\u00fcld\u00e9s<\/button><\/div><\/div><input type=\"hidden\" id=\"_wpnonce-et-pb-contact-form-submitted-c566ca50-aa12-44db-91bd-fe7dec3a0fb8\" name=\"_wpnonce-et-pb-contact-form-submitted-c566ca50-aa12-44db-91bd-fe7dec3a0fb8\" value=\"e3408af382\" \/><input type=\"hidden\" name=\"_wp_http_referer\" value=\"\/hu\/wp-json\/wp\/v2\/pages\/139\" \/><input type=\"hidden\" name=\"trp-form-language\" value=\"hu\"\/><\/form><\/div><\/div><div class=\"et_pb_text_3 et_pb_text et_pb_bg_layout_light et_animated et_pb_module et_block_module\"><div class=\"et_pb_text_inner\"><p>This site is protected by reCAPTCHA and the Google<br \/>\n    <a href=\"https:\/\/policies.google.com\/privacy\">Adatv\u00e9delmi ir\u00e1nyelvek<\/a> and<br \/>\n    <a href=\"https:\/\/policies.google.com\/terms\">Terms of Service<\/a> apply.<\/p>\n<\/div><\/div><\/div><\/div><\/div><div class=\"et_pb_section_2 et_pb_section et_section_regular et_block_section\"><div class=\"et_pb_row_2 et_pb_row et_block_row\"><div class=\"et_pb_column_3 et_pb_column et_pb_column_4_4 et-last-child et_block_column et_pb_css_mix_blend_mode_passthrough\"><div class=\"et_pb_text_4 et_pb_text et_pb_bg_layout_light et_animated et_pb_module et_block_module preset--module--divi-text--c3c1179e-80e4-4396-b700-51b845e1c46f\"><div class=\"et_pb_text_inner\"><p>GYIK<\/p>\n<\/div><\/div><\/div><\/div><div class=\"et_pb_row_3 et_pb_row et_block_row\"><div class=\"et_pb_column_4 et_pb_column et_pb_column_1_2 et_block_column et_pb_css_mix_blend_mode_passthrough\"><div class=\"et_pb_text_5 et_pb_text et_pb_bg_layout_light et_animated et_pb_module et_block_module preset--module--divi-text--3fc5abb1-35dc-424b-b073-9c70a2f7c68a\"><div class=\"et_pb_text_inner\"><h4><b>Hogyan m\u0171k\u00f6dik az ARport belt\u00e9ri navig\u00e1ci\u00f3s rendszere k\u00fcls\u0151 hardver n\u00e9lk\u00fcl?<\/b><\/h4>\n<\/div><\/div><div class=\"et_pb_text_6 et_pb_text et_pb_bg_layout_light et_animated et_pb_module et_block_module preset--module--divi-text--2e1ca0a8-a515-4ca3-8814-65eea4b82393\"><div class=\"et_pb_text_inner\"><p><span style=\"font-weight: 400;\">Az ARport rendszere fejlett algoritmusokat \u00e9s az \u00d6n megl\u00e9v\u0151 l\u00e9tes\u00edtm\u00e9ny\u00e9nek elrendez\u00e9s\u00e9t haszn\u00e1lja a pontos navig\u00e1ci\u00f3 biztos\u00edt\u00e1s\u00e1ra. A k\u00fcls\u0151 hardver sz\u00fcks\u00e9gess\u00e9g\u00e9nek elt\u00e1vol\u00edt\u00e1s\u00e1val cs\u00f6kkentj\u00fck a k\u00f6lts\u00e9geket \u00e9s egyszer\u0171s\u00edtj\u00fck a telep\u00edt\u00e9st, \u00edgy megold\u00e1sunk hat\u00e9kony \u00e9s k\u00f6nnyen karbantarthat\u00f3.<\/span><\/p>\n<\/div><\/div><div class=\"et_pb_text_7 et_pb_text et_pb_bg_layout_light et_animated et_pb_module et_block_module preset--module--divi-text--3fc5abb1-35dc-424b-b073-9c70a2f7c68a\"><div class=\"et_pb_text_inner\"><h4><b>Haszn\u00e1lhat\u00f3 az ARport navig\u00e1ci\u00f3s rendszere olyan l\u00e9tes\u00edtm\u00e9nyekben is, ahol nincs Wi-Fi?<\/b><\/h4>\n<\/div><\/div><div class=\"et_pb_text_8 et_pb_text et_pb_bg_layout_light et_animated et_pb_module et_block_module preset--module--divi-text--2e1ca0a8-a515-4ca3-8814-65eea4b82393\"><div class=\"et_pb_text_inner\"><p><span style=\"font-weight: 400;\">Igen, alap megold\u00e1sunk offline m\u00f3dban is m\u0171k\u00f6dik, \u00edgy nincs sz\u00fcks\u00e9g Wi-Fi-re. Ez ide\u00e1liss\u00e1 teszi olyan helysz\u00ednekre, ahol h\u00e1l\u00f3zati megold\u00e1sok nem telep\u00edthet\u0151k, biztos\u00edtva a megb\u00edzhat\u00f3 navig\u00e1ci\u00f3t b\u00e1rmilyen k\u00f6rnyezetben.<\/span><\/p>\n<\/div><\/div><div class=\"et_pb_text_9 et_pb_text et_pb_bg_layout_light et_animated et_pb_module et_block_module preset--module--divi-text--3fc5abb1-35dc-424b-b073-9c70a2f7c68a\"><div class=\"et_pb_text_inner\"><h4><b>Hogyan t\u00e1mogatja az ARport a korl\u00e1tozott mozg\u00e1sk\u00e9pess\u00e9g\u0171 szem\u00e9lyeket \u00e9s a babakocsival \u00e9rkez\u0151 csal\u00e1dokat?<\/b><\/h4>\n<\/div><\/div><div class=\"et_pb_text_10 et_pb_text et_pb_bg_layout_light et_animated et_pb_module et_block_module preset--module--divi-text--2e1ca0a8-a515-4ca3-8814-65eea4b82393\"><div class=\"et_pb_text_inner\"><p><span style=\"font-weight: 400;\">Navig\u00e1ci\u00f3s rendszer\u00fcnk alternat\u00edv \u00fatvonal-tervez\u00e9st k\u00edn\u00e1l, amely el\u0151nyben r\u00e9szes\u00edti a liftet a l\u00e9pcs\u0151kkel \u00e9s mozg\u00f3l\u00e9pcs\u0151kkel szemben. Ez biztos\u00edtja, hogy a korl\u00e1tozott mozg\u00e1sk\u00e9pess\u00e9g\u0171 szem\u00e9lyek \u00e9s babakocsival \u00e9rkez\u0151 csal\u00e1dok k\u00f6nnyed\u00e9n \u00e9s biztons\u00e1gosan navig\u00e1lhassanak a l\u00e9tes\u00edtm\u00e9nyben.<\/span><\/p>\n<\/div><\/div><\/div><div class=\"et_pb_column_5 et_pb_column et_pb_column_1_2 et-last-child et_block_column et_pb_css_mix_blend_mode_passthrough\"><div class=\"et_pb_text_11 et_pb_text et_pb_bg_layout_light et_animated et_pb_module et_block_module preset--module--divi-text--3fc5abb1-35dc-424b-b073-9c70a2f7c68a\"><div class=\"et_pb_text_inner\"><h4><b>Milyen t\u00edpus\u00fa inform\u00e1ci\u00f3k jelen\u00edthet\u0151k meg a 3D virtu\u00e1lis t\u00e9rben?<\/b><\/h4>\n<\/div><\/div><div class=\"et_pb_text_12 et_pb_text et_pb_bg_layout_light et_animated et_pb_module et_block_module preset--module--divi-text--2e1ca0a8-a515-4ca3-8814-65eea4b82393\"><div class=\"et_pb_text_inner\"><p><span style=\"font-weight: 400;\">A 3D virtu\u00e1lis t\u00e9rben k\u00fcl\u00f6nf\u00e9le inform\u00e1ci\u00f3k jelen\u00edthet\u0151k meg, bele\u00e9rtve a helysz\u00edni r\u00e9szleteket, biztons\u00e1gi funkci\u00f3kat \u00e9s virtu\u00e1lis rekl\u00e1mokat. Ez fokozza az \u00fcgyf\u00e9l elk\u00f6telez\u0151d\u00e9st az\u00e1ltal, hogy relev\u00e1ns \u00e9s id\u0151ben t\u00f6rt\u00e9n\u0151 inform\u00e1ci\u00f3kat ny\u00fajt interakt\u00edv form\u00e1tumban.<\/span><\/p>\n<\/div><\/div><div class=\"et_pb_text_13 et_pb_text et_pb_bg_layout_light et_animated et_pb_module et_block_module preset--module--divi-text--3fc5abb1-35dc-424b-b073-9c70a2f7c68a\"><div class=\"et_pb_text_inner\"><h4><b>Hogyan jav\u00edtja az ARport adatgy\u0171jt\u00e9se a t\u00e9r kihaszn\u00e1lts\u00e1g\u00e1t?<\/b><\/h4>\n<\/div><\/div><div class=\"et_pb_text_14 et_pb_text et_pb_bg_layout_light et_animated et_pb_module et_block_module preset--module--divi-text--2e1ca0a8-a515-4ca3-8814-65eea4b82393\"><div class=\"et_pb_text_inner\"><p><span style=\"font-weight: 400;\">A felhaszn\u00e1l\u00f3i mozg\u00e1sok \u00e9s viselked\u00e9sek adatainak gy\u0171jt\u00e9s\u00e9vel az ARport seg\u00edt optimaliz\u00e1lni a l\u00e9tes\u00edtm\u00e9ny t\u00e9rkihaszn\u00e1lts\u00e1g\u00e1t. Ez az adatvez\u00e9relt megk\u00f6zel\u00edt\u00e9s lehet\u0151v\u00e9 teszi a hat\u00e9konyabb t\u00e9rmenedzsmentet, jav\u00edtva ezzel az \u00e1ltal\u00e1nos m\u0171k\u00f6d\u00e9si hat\u00e9konys\u00e1got.<\/span><\/p>\n<\/div><\/div><div class=\"et_pb_text_15 et_pb_text et_pb_bg_layout_light et_animated et_pb_module et_block_module preset--module--divi-text--3fc5abb1-35dc-424b-b073-9c70a2f7c68a\"><div class=\"et_pb_text_inner\"><h4><b>K\u00f6nnyen m\u00f3dos\u00edthat\u00f3k az ARport \u00fatvonalmegold\u00e1sai, ha v\u00e1ltozik a l\u00e9tes\u00edtm\u00e9ny elrendez\u00e9se?<\/b><\/h4>\n<\/div><\/div><div class=\"et_pb_text_16 et_pb_text et_pb_bg_layout_light et_animated et_pb_module et_block_module preset--module--divi-text--2e1ca0a8-a515-4ca3-8814-65eea4b82393\"><div class=\"et_pb_text_inner\"><p><span style=\"font-weight: 400;\">Igen, \u00fatvonal-ir\u00e1ny\u00edt\u00e1si m\u00f3dszer\u00fcnk k\u00f6nnyen m\u00f3dos\u00edthat\u00f3. Ha a l\u00e9tes\u00edtm\u00e9ny elrendez\u00e9s\u00e9ben v\u00e1ltoz\u00e1sok t\u00f6rt\u00e9nnek, az \u00fatvonalak gyorsan m\u00f3dos\u00edthat\u00f3k az \u00faj konfigur\u00e1ci\u00f3hoz igazodva, biztos\u00edtva a folyamatos \u00e9s pontos navig\u00e1ci\u00f3t.<\/span><\/p>\n<\/div><\/div><\/div><\/div><\/div><div class=\"et_pb_section_3 et_pb_section et_section_regular et_block_section\"><\/div>","protected":false},"excerpt":{"rendered":"","protected":false},"author":1,"featured_media":0,"parent":0,"menu_order":0,"comment_status":"closed","ping_status":"closed","template":"","meta":{"footnotes":""},"class_list":["post-139","page","type-page","status-publish","hentry"],"_links":{"self":[{"href":"https:\/\/arportnavigation.com\/hu\/wp-json\/wp\/v2\/pages\/139","targetHints":{"allow":["GET"]}}],"collection":[{"href":"https:\/\/arportnavigation.com\/hu\/wp-json\/wp\/v2\/pages"}],"about":[{"href":"https:\/\/arportnavigation.com\/hu\/wp-json\/wp\/v2\/types\/page"}],"author":[{"embeddable":true,"href":"https:\/\/arportnavigation.com\/hu\/wp-json\/wp\/v2\/users\/1"}],"replies":[{"embeddable":true,"href":"https:\/\/arportnavigation.com\/hu\/wp-json\/wp\/v2\/comments?post=139"}],"version-history":[{"count":34,"href":"https:\/\/arportnavigation.com\/hu\/wp-json\/wp\/v2\/pages\/139\/revisions"}],"predecessor-version":[{"id":1583,"href":"https:\/\/arportnavigation.com\/hu\/wp-json\/wp\/v2\/pages\/139\/revisions\/1583"}],"wp:attachment":[{"href":"https:\/\/arportnavigation.com\/hu\/wp-json\/wp\/v2\/media?parent=139"}],"curies":[{"name":"wp","href":"https:\/\/api.w.org\/{rel}","templated":true}]}}