{"id":17,"date":"2024-06-19T00:35:34","date_gmt":"2024-06-18T22:35:34","guid":{"rendered":"https:\/\/arportnavigation.com\/?page_id=17"},"modified":"2026-03-02T02:06:40","modified_gmt":"2026-03-02T01:06:40","slug":"main-page","status":"publish","type":"page","link":"https:\/\/arportnavigation.com\/hu\/","title":{"rendered":"Main Page"},"content":{"rendered":"<div class=\"et_pb_section_0 et_pb_section et_pb_fullwidth_section et_section_regular et_block_section et_animated section_has_divider et_pb_bottom_divider\">\n<section class=\"et_pb_fullwidth_header_0 et_pb_fullwidth_header et_pb_bg_layout_dark et_pb_text_align_left et_animated et_pb_module et_flex_module\"><div class=\"et_pb_fullwidth_header_container left\"><div class=\"header-content-container center\"><div class=\"header-content et_flex_module\"><h1 class=\"et_pb_module_header\">Forradalmas\u00edtjuk a belt\u00e9ri navig\u00e1ci\u00f3 \u00e9lm\u00e9ny\u00e9t<\/h1><div class=\"et_pb_header_content_wrapper\"><p>Hozza ki a maximumot b\u00e1rmilyen helysz\u00ednb\u0151l a legkorszer\u0171bb belt\u00e9ri navig\u00e1ci\u00f3s megold\u00e1sainkkal!<\/p>\n<p>&nbsp;<\/p>\n<\/div><div class=\"et_pb_header_button_wrapper\"><a class=\"et_pb_button et_pb_more_button et_pb_button_one\" href=\"https:\/\/arportnavigation.com\/hu\/services\/\">Szolg\u00e1ltat\u00e1saink<\/a><a class=\"et_pb_button et_pb_more_button et_pb_button_two\" href=\"https:\/\/arportnavigation.com\/hu\/pricing\/\">\u00c1rak<\/a><\/div><\/div><\/div><\/div><div class=\"et_pb_fullwidth_header_overlay\"><\/div><div class=\"et_pb_fullwidth_header_scroll\"><a class=\"scroll-down-container\" href=\"#\"><span class=\"scroll-down et-pb-icon\">3<\/span><\/a><\/div><\/section>\n<div class=\"et_pb_bottom_inside_divider et-no-transition\"><\/div><\/div>\n\n<div class=\"et_pb_section_1 et_pb_section et_section_regular et_block_section section_has_divider et_pb_bottom_divider\">\n<div class=\"et_pb_row_0 et_pb_row et_block_row\">\n<div class=\"et_pb_column_0 et_pb_column et_pb_column_3_5 et_block_column et_pb_css_mix_blend_mode_passthrough et_animated\">\n<div class=\"et_pb_image_0 et_pb_image et_pb_module et_block_module\"><span class=\"et_pb_image_wrap\"><img loading=\"lazy\" decoding=\"async\" src=\"https:\/\/arportnavigation.com\/wp-content\/uploads\/2024\/12\/pexels-pixabay-264512_web_cut_2.jpg\" width=\"1331\" height=\"1331\" srcset=\"https:\/\/arportnavigation.com\/wp-content\/uploads\/2024\/12\/pexels-pixabay-264512_web_cut_2.jpg 1331w, https:\/\/arportnavigation.com\/wp-content\/uploads\/2024\/12\/pexels-pixabay-264512_web_cut_2-1280x1280.jpg 1280w, https:\/\/arportnavigation.com\/wp-content\/uploads\/2024\/12\/pexels-pixabay-264512_web_cut_2-980x980.jpg 980w, https:\/\/arportnavigation.com\/wp-content\/uploads\/2024\/12\/pexels-pixabay-264512_web_cut_2-480x480.jpg 480w\" sizes=\"(min-width: 0px) and (max-width: 480px) 480px, (min-width: 481px) and (max-width: 980px) 980px, (min-width: 981px) and (max-width: 1280px) 1280px, (min-width: 1281px) 1331px, 100vw\" class=\"wp-image-1001\" title=\"pexels-pixabay-264512_web_cut_2\" \/><\/span><\/div>\n<\/div>\n\n<div class=\"et_pb_column_1 et_pb_column et_pb_column_2_5 et-last-child et_block_column et_pb_css_mix_blend_mode_passthrough\">\n<div class=\"et_pb_text_0 et_pb_text et_pb_bg_layout_light et_animated et_pb_module et_block_module\"><div class=\"et_pb_text_inner\"><p>\u00datvonaltervez\u00e9s<\/p>\n<\/div><\/div>\n\n<div class=\"et_pb_text_1 et_pb_text et_pb_bg_layout_light et_animated et_pb_module et_block_module\"><div class=\"et_pb_text_inner\"><p><span style=\"font-weight: 400;\">Belegondolt m\u00e1r, hogy mennyi id\u0151t t\u00f6lt\u00fcnk nap mint nap t\u00e1j\u00e9koz\u00f3d\u00e1ssal \u00e9s \u00fatkeres\u00e9ssel? Gondoljon csak bele mennyivel tehetn\u00e9 egyszer\u0171bb\u00e9 a l\u00e1togat\u00f3k dolg\u00e1t egy belt\u00e9ri navig\u00e1ci\u00f3s megold\u00e1ssal az \u00d6n helysz\u00edn\u00e9n. A t\u00e1j\u00e9koz\u00f3d\u00e1s leegyszer\u0171s\u00edt\u00e9se nemcsak a l\u00e1togat\u00f3k tetsz\u00e9s\u00e9t nyeri el, de \u00f6szt\u00f6nzi is \u0151ket a mihamarabbi visszat\u00e9r\u00e9sre.<\/span><\/p>\n<p><strong>Van megold\u00e1sunk az \u00d6n sz\u00e1m\u00e1ra!<\/strong><\/p>\n<\/div><\/div>\n<\/div>\n<\/div>\n<div class=\"et_pb_bottom_inside_divider et-no-transition\"><\/div><\/div>\n\n<div class=\"et_pb_section_2 et_pb_section et_section_regular et_block_section section_has_divider et_pb_top_divider\"><div class=\"et_pb_top_inside_divider et-no-transition\"><\/div>\n<div class=\"et_pb_row_1 et_pb_row et_block_row\">\n<div class=\"et_pb_column_2 et_pb_column et_pb_column_1_3 et_block_column et_pb_css_mix_blend_mode_passthrough\">\n<div class=\"et_pb_text_2 et_pb_text et_pb_bg_layout_light et_animated et_pb_module et_block_module\"><div class=\"et_pb_text_inner\"><p>Szolg\u00e1ltat\u00e1saink<\/p>\n<\/div><\/div>\n<\/div>\n\n<div class=\"et_pb_column_3 et_pb_column et_pb_column_2_3 et-last-child et_block_column et_pb_css_mix_blend_mode_passthrough\">\n<div class=\"et_pb_text_3 et_pb_text et_pb_bg_layout_light et_animated et_pb_module et_block_module\"><div class=\"et_pb_text_inner\"><p class=\"translation-block\">Sz\u00e1mos helysz\u00ednre k\u00edn\u00e1lunk speci\u00e1lis navig\u00e1ci\u00f3s megold\u00e1sokat <strong>kiterjesztett val\u00f3s\u00e1g (AR)<\/strong> seg\u00edts\u00e9g\u00e9vel, valamint megannyi piaci szegmensben ny\u00fajtunk tov\u00e1bbi szolg\u00e1ltat\u00e1sokat. Innovat\u00edv megk\u00f6zel\u00edt\u00e9s\u00fcnk jav\u00edtja a <strong>felhaszn\u00e1l\u00f3i \u00e9lm\u00e9ny<\/strong>t, hat\u00e9kony <strong>navig\u00e1ci\u00f3s megold\u00e1sok<\/strong>at k\u00edn\u00e1l, \u00e9s biztos\u00edtja, hogy minden felhaszn\u00e1l\u00f3 a saj\u00e1t ig\u00e9nyeinek megfelel\u0151 \u00fatbaigaz\u00edt\u00e1st kapjon.<\/p>\n<\/div><\/div>\n<\/div>\n<\/div>\n\n<div class=\"et_pb_row_2 et_pb_row et_block_row\">\n<div class=\"et_pb_column_4 et_pb_column et_pb_column_1_3 et_block_column et_pb_css_mix_blend_mode_passthrough\">\n<div class=\"et_pb_text_4 et_pb_text et_pb_bg_layout_light et_animated et_pb_module et_block_module\"><div class=\"et_pb_text_inner\"><p>Mi\u00e9rt hasznos?<\/p>\n<\/div><\/div>\n<\/div>\n\n<div class=\"et_pb_column_5 et_pb_column et_pb_column_2_3 et-last-child et_block_column et_pb_css_mix_blend_mode_passthrough\">\n<div class=\"et_pb_text_5 et_pb_text et_pb_bg_layout_light et_animated et_pb_module et_block_module\"><div class=\"et_pb_text_inner\"><p><span>Rendszereink m\u0171k\u00f6d\u00e9s\u00e9hez <strong>csup\u00e1n egy okostelefon sz\u00fcks\u00e9ges<\/strong>, \u00edgy partnereink sz\u00e1m\u00e1ra <b>rendk\u00edv\u00fcl alacsony telep\u00edt\u00e9si \u00e9s karbantart\u00e1si k\u00f6lts\u00e9geket biztos\u00edtunk<\/b>.<\/span><\/p>\n<p><span><\/span><\/p>\n<p class=\"translation-block\"><span>C\u00e9lunk, hogy az innovat\u00edv belt\u00e9ri navig\u00e1ci\u00f3s szolg\u00e1ltat\u00e1sokat <strong>mindenki sz\u00e1m\u00e1ra el\u00e9rhet\u0151v\u00e9 tegy\u00fck<\/strong>, ez\u00e1ltal seg\u00edts\u00e9get ny\u00fajtva a babakocsival vagy kerekessz\u00e9kkel k\u00f6zleked\u0151knek is.<\/strong><\/p>\n<p><span><\/span><\/p>\n<p class=\"translation-block\"><span>Arra t\u00f6reksz\u00fcnk, hogy az <strong>ipar\u00e1g-specifikus ig\u00e9nyek<\/strong>et maxim\u00e1lisan kiel\u00e9g\u00edts\u00fck, \u00e9s <strong>felhaszn\u00e1l\u00f3bar\u00e1t megold\u00e1sok<\/strong>at ny\u00fajtsunk \u00fczleti partnereink sz\u00e1m\u00e1ra.<\/p>\n<\/div><\/div>\n<\/div>\n<\/div>\n\n<div class=\"et_pb_row_3 et_pb_row et_block_row\">\n<div class=\"et_pb_column_6 et_pb_column et_pb_column_1_3 et_block_column et_pb_css_mix_blend_mode_passthrough\">\n<div class=\"et_pb_text_6 et_pb_text et_pb_bg_layout_light et_animated et_pb_module et_block_module\"><div class=\"et_pb_text_inner\"><p>Hol alkalmazhat\u00f3?<\/p>\n<\/div><\/div>\n<\/div>\n\n<div class=\"et_pb_column_7 et_pb_column et_pb_column_2_3 et-last-child et_block_column et_pb_css_mix_blend_mode_passthrough\">\n<div class=\"et_pb_text_7 et_pb_text et_pb_bg_layout_light et_animated et_pb_module et_block_module\"><div class=\"et_pb_text_inner\"><p>Technol\u00f3gi\u00e1nk sz\u00e1mos ter\u00fcleten alkalmazhat\u00f3, <strong>from transportation to facility management.<\/strong><\/p>\n<p>F\u0151 partnereink:<br \/><strong>Rep\u00fcl\u0151terek \u00e9s egy\u00e9b k\u00f6zleked\u00e9si csom\u00f3pontok, bev\u00e1s\u00e1rl\u00f3k\u00f6zpontok, gy\u00e1rak, logisztikai l\u00e9tes\u00edtm\u00e9nyek, k\u00f3rh\u00e1zak, rendezv\u00e9nyhelysz\u00ednek, m\u00fazeumok, kultur\u00e1lis k\u00f6zpontok \u00e9s egyetemi kampuszok.<\/strong><\/p>\n<\/div><\/div>\n<\/div>\n<\/div>\n<\/div>\n\n<div class=\"et_pb_section_3 et_pb_section et_section_regular et_block_section section_has_divider et_pb_top_divider et_pb_bottom_divider\"><div class=\"et_pb_top_inside_divider et-no-transition\"><\/div>\n<div class=\"et_pb_row_4 et_pb_row et_block_row\">\n<div class=\"et_pb_column_8 et_pb_column et_pb_column_2_5 et_block_column et_pb_css_mix_blend_mode_passthrough\">\n<div class=\"et_pb_text_8 et_pb_text et_pb_bg_layout_light et_animated et_pb_module et_block_module\"><div class=\"et_pb_text_inner\"><p>A j\u00f6v\u0151 itt van.<\/p>\n<\/div><\/div>\n\n<div class=\"et_pb_text_9 et_pb_text et_pb_bg_layout_dark et_animated et_pb_module et_block_module\"><div class=\"et_pb_text_inner\"><p class=\"translation-block\">Sosem volt m\u00e9g ilyen egyszer\u0171 a belt\u00e9ri t\u00e1j\u00e9koz\u00f3d\u00e1s! A szolg\u00e1ltat\u00f3knak mindig l\u00e9p\u00e9st kell tartani a leg\u00fajabb trendekkel \u00e9s felhaszn\u00e1l\u00f3i szok\u00e1sokkal. Megold\u00e1sainkkal hat\u00e9konyabb\u00e1 \u00e9s \u00e9lvezetesebb\u00e9 tessz\u00fck a felhaszn\u00e1l\u00f3i \u00e9lm\u00e9nyeket, ezzel pedig lehet\u0151s\u00e9get k\u00edn\u00e1lunk a v\u00e1llalkoz\u00e1sok \u00e9s helysz\u00ednek m\u00e9g vonz\u00f3bb\u00e1 t\u00e9tel\u00e9re.<\/p>\n<\/div><\/div>\n<\/div>\n\n<div class=\"et_pb_column_9 et_pb_column et_pb_column_3_5 et-last-child et_block_column et_pb_css_mix_blend_mode_passthrough\">\n<div class=\"et_pb_image_1 et_pb_image et_animated et_pb_module et_block_module\"><span class=\"et_pb_image_wrap\"><img loading=\"lazy\" decoding=\"async\" src=\"https:\/\/arportnavigation.com\/wp-content\/uploads\/2024\/11\/dmitry-osipenko-Jt4LQpFOpXQ-unsplash_web-scaled.jpg\" width=\"2048\" height=\"2560\" srcset=\"https:\/\/arportnavigation.com\/wp-content\/uploads\/2024\/11\/dmitry-osipenko-Jt4LQpFOpXQ-unsplash_web-scaled.jpg 2048w, https:\/\/arportnavigation.com\/wp-content\/uploads\/2024\/11\/dmitry-osipenko-Jt4LQpFOpXQ-unsplash_web-240x300.jpg 240w, https:\/\/arportnavigation.com\/wp-content\/uploads\/2024\/11\/dmitry-osipenko-Jt4LQpFOpXQ-unsplash_web-819x1024.jpg 819w, https:\/\/arportnavigation.com\/wp-content\/uploads\/2024\/11\/dmitry-osipenko-Jt4LQpFOpXQ-unsplash_web-768x960.jpg 768w, https:\/\/arportnavigation.com\/wp-content\/uploads\/2024\/11\/dmitry-osipenko-Jt4LQpFOpXQ-unsplash_web-1229x1536.jpg 1229w, https:\/\/arportnavigation.com\/wp-content\/uploads\/2024\/11\/dmitry-osipenko-Jt4LQpFOpXQ-unsplash_web-1638x2048.jpg 1638w, https:\/\/arportnavigation.com\/wp-content\/uploads\/2024\/11\/dmitry-osipenko-Jt4LQpFOpXQ-unsplash_web-10x12.jpg 10w\" sizes=\"(max-width: 2048px) 100vw, 2048px\" class=\"wp-image-992\" title=\"dmitry-osipenko-Jt4LQpFOpXQ-unsplash_web\" \/><\/span><\/div>\n<\/div>\n<\/div>\n\n<div class=\"et_pb_row_5 et_pb_row et_block_row\">\n<div class=\"et_pb_column_10 et_pb_column et_pb_column_4_4 et-last-child et_block_column et_pb_css_mix_blend_mode_passthrough\">\n<div class=\"et_pb_text_10 et_pb_text et_pb_bg_layout_light et_animated et_pb_module et_block_module et_pb_text_align_center\"><div class=\"et_pb_text_inner\"><p>El\u0151ny\u00f6k<\/p>\n<\/div><\/div>\n<\/div>\n<\/div>\n\n<div class=\"et_pb_row_6 et_pb_row et_block_row et_animated\">\n<div class=\"et_pb_column_11 et_pb_column et_pb_column_1_3 et_block_column et_pb_css_mix_blend_mode_passthrough\">\n<div class=\"et_pb_text_11 et_pb_text et_pb_bg_layout_light et_animated et_pb_module et_block_module\"><div class=\"et_pb_text_inner\"><p>Digit\u00e1lis Fejl\u0151d\u00e9s<br \/>Development<\/p>\n<\/div><\/div>\n\n<div class=\"et_pb_text_12 et_pb_text et_pb_bg_layout_light et_animated et_pb_module et_block_module\"><div class=\"et_pb_text_inner\"><p>A folyamatos digit\u00e1lis infrastrukt\u00fara fejleszt\u00e9s kulcsfontoss\u00e1g\u00fa a min\u0151s\u00e9gi szolg\u00e1ltat\u00e1sok ny\u00fajt\u00e1s\u00e1hoz. Modern navig\u00e1ci\u00f3s megold\u00e1saink seg\u00edtenek optimaliz\u00e1lni a helysz\u00ednek m\u0171k\u00f6d\u00e9s\u00e9t \u00e9s n\u00f6velik az \u00fczleti hat\u00e9konys\u00e1got.<\/p>\n<\/div><\/div>\n<\/div>\n\n<div class=\"et_pb_column_12 et_pb_column et_pb_column_1_3 et_block_column et_pb_css_mix_blend_mode_passthrough\">\n<div class=\"et_pb_text_13 et_pb_text et_pb_bg_layout_light et_animated et_pb_module et_block_module\"><div class=\"et_pb_text_inner\"><p>Felhaszn\u00e1l\u00f3i \u00c9lm\u00e9ny<\/p>\n<\/div><\/div>\n\n<div class=\"et_pb_text_14 et_pb_text et_pb_bg_layout_light et_animated et_pb_module et_block_module\"><div class=\"et_pb_text_inner\"><p>User experience plays a crucial role in maximizing venue utilization. Our intuitive navigation systems and personalized routes ensure visitors can navigate easily, increasing foot traffic and boosting satisfaction. A great experience builds long-term loyalty, contributing to the venue's success.<\/p>\n<\/div><\/div>\n<\/div>\n\n<div class=\"et_pb_column_13 et_pb_column et_pb_column_1_3 et-last-child et_block_column et_pb_css_mix_blend_mode_passthrough\">\n<div class=\"et_pb_text_15 et_pb_text et_pb_bg_layout_light et_animated et_pb_module et_block_module\"><div class=\"et_pb_text_inner\"><p>K\u00f6lts\u00e9g-hat\u00e9konys\u00e1g<\/p>\n<\/div><\/div>\n\n<div class=\"et_pb_text_16 et_pb_text et_pb_bg_layout_light et_animated et_pb_module et_block_module\"><div class=\"et_pb_text_inner\"><p>A Wi-Fi, Bluetooth jelad\u00f3k vagy mobilh\u00e1l\u00f3zati infrastrukt\u00fara sz\u00fcks\u00e9gess\u00e9g\u00e9nek kik\u00fcsz\u00f6b\u00f6l\u00e9s\u00e9vel gazdas\u00e1gos megold\u00e1st k\u00edn\u00e1lunk partnereinknek, mik\u00f6zben biztos\u00edtjuk a m\u0171k\u00f6d\u00e9si hat\u00e9konys\u00e1got \u00e9s megb\u00edzhat\u00f3s\u00e1got.<\/p>\n<\/div><\/div>\n<\/div>\n<\/div>\n<div class=\"et_pb_bottom_inside_divider et-no-transition\"><\/div><\/div>\n\n<div class=\"et_pb_section_4 et_pb_section et_section_regular et_block_section\">\n<div class=\"et_pb_row_7 et_pb_row et_block_row\">\n<div class=\"et_pb_column_14 et_pb_column et_pb_column_4_4 et-last-child et_block_column et_pb_css_mix_blend_mode_passthrough\">\n<div class=\"et_pb_text_17 et_pb_text et_pb_bg_layout_light et_animated et_pb_module et_block_module et_pb_text_align_center\"><div class=\"et_pb_text_inner\"><p>Ismerje meg technol\u00f3gi\u00e1nkat!<\/p>\n<\/div><\/div>\n\n<div class=\"et_pb_text_18 et_pb_text et_pb_bg_layout_light et_animated et_pb_module et_block_module et_pb_text_align_center\"><div class=\"et_pb_text_inner\"><p>Fedezze fel, hogyan alak\u00edtja \u00e1t az innovat\u00edv belt\u00e9ri navig\u00e1ci\u00f3 \u00e9s a kiterjesztett val\u00f3s\u00e1g (AR) a felhaszn\u00e1l\u00f3i \u00e9lm\u00e9nyt. Ismerje meg, hogyan k\u00edn\u00e1lunk egyedi megold\u00e1sokat, amelyek jav\u00edtj\u00e1k az el\u00e9rhet\u0151s\u00e9get, \u00e9s szem\u00e9lyre szabott \u00e9lm\u00e9nyt ny\u00fajtanak.<\/p>\n<\/div><\/div>\n\n<div class=\"et_pb_module et_pb_button_module_wrapper et_pb_button_0_wrapper\"><a class=\"et_pb_button_0 et_pb_button et_pb_bg_layout_dark et_animated et_pb_module et_block_module\" href=\"https:\/\/arportnavigation.com\/hu\/services\/\" data-icon=\"9\">Szolg\u00e1ltat\u00e1saink<\/a><\/div>\n<\/div>\n<\/div>\n<\/div>\n\n<div class=\"et_pb_section_5 et_pb_section et_pb_fullwidth_section et_section_regular et_block_section section_has_divider et_pb_top_divider et_pb_bottom_divider\"><div class=\"et_pb_top_inside_divider et-no-transition\"><\/div>\n<section class=\"et_pb_fullwidth_header_1 et_pb_fullwidth_header et_pb_bg_layout_dark et_pb_text_align_left et_animated et_pb_module et_flex_module\"><div class=\"et_pb_fullwidth_header_container left\"><div class=\"header-content-container center\"><div class=\"header-content et_flex_module\"><h2 class=\"et_pb_module_header\">K\u00e9rd\u00e9se mer\u00fclt fel? L\u00e9pjen kapcsolatba vel\u00fcnk!<\/h2><div class=\"et_pb_header_button_wrapper\"><a class=\"et_pb_button et_pb_more_button et_pb_button_one\" href=\"https:\/\/arportnavigation.com\/hu\/contact\/\" data-icon=\"\ue010\">Kapcsolat<\/a><\/div><\/div><\/div><\/div><div class=\"et_pb_fullwidth_header_overlay\"><\/div><div class=\"et_pb_fullwidth_header_scroll\"><\/div><\/section>\n<div class=\"et_pb_bottom_inside_divider et-no-transition\"><\/div><\/div>\n\n<div class=\"et_pb_section_6 et_pb_section et_section_regular et_block_section\">\n<div class=\"et_pb_row_8 et_pb_row et_block_row\">\n<div class=\"et_pb_column_15 et_pb_column et_pb_column_4_4 et-last-child et_block_column et_pb_css_mix_blend_mode_passthrough\">\n<div class=\"et_pb_heading_0 et_pb_heading et_pb_module et_block_module\"><div class=\"et_pb_heading_container\"><h1 class=\"et_pb_module_header\">OUR SUPPORTERS<\/h1><\/div><\/div>\n<\/div>\n<\/div>\n\n<div class=\"et_pb_row_9 et_pb_row et_pb_row_5col et_block_row et_block_row_5col\">\n<div class=\"et_pb_column_16 et_pb_column et_pb_column_1_5 et_block_column et_pb_css_mix_blend_mode_passthrough\">\n<div class=\"et_pb_image_2 et_pb_image et_pb_module et_block_module\"><span class=\"et_pb_image_wrap\"><img loading=\"lazy\" decoding=\"async\" src=\"https:\/\/arportnavigation.com\/wp-content\/uploads\/2025\/11\/IMG_1260.png\" width=\"661\" height=\"258\" srcset=\"https:\/\/arportnavigation.com\/wp-content\/uploads\/2025\/11\/IMG_1260.png 661w, https:\/\/arportnavigation.com\/wp-content\/uploads\/2025\/11\/IMG_1260-480x187.png 480w\" sizes=\"(min-width: 0px) and (max-width: 480px) 480px, (min-width: 481px) 661px, 100vw\" class=\"wp-image-1289\" title=\"IMG_1260\" \/><\/span><\/div>\n<\/div>\n\n<div class=\"et_pb_column_17 et_pb_column et_pb_column_1_5 et_block_column et_pb_css_mix_blend_mode_passthrough\">\n<div class=\"et_pb_image_3 et_pb_image et_pb_module et_block_module\"><span class=\"et_pb_image_wrap\"><img loading=\"lazy\" decoding=\"async\" src=\"https:\/\/arportnavigation.com\/wp-content\/uploads\/2025\/11\/cropped-ua_logo-2.png\" width=\"1478\" height=\"487\" srcset=\"https:\/\/arportnavigation.com\/wp-content\/uploads\/2025\/11\/cropped-ua_logo-2.png 1478w, https:\/\/arportnavigation.com\/wp-content\/uploads\/2025\/11\/cropped-ua_logo-2-1280x422.png 1280w, https:\/\/arportnavigation.com\/wp-content\/uploads\/2025\/11\/cropped-ua_logo-2-980x323.png 980w, https:\/\/arportnavigation.com\/wp-content\/uploads\/2025\/11\/cropped-ua_logo-2-480x158.png 480w\" sizes=\"(min-width: 0px) and (max-width: 480px) 480px, (min-width: 481px) and (max-width: 980px) 980px, (min-width: 981px) and (max-width: 1280px) 1280px, (min-width: 1281px) 1478px, 100vw\" class=\"wp-image-1309\" title=\"cropped-ua_logo-2\" \/><\/span><\/div>\n<\/div>\n\n<div class=\"et_pb_column_18 et_pb_column et_pb_column_1_5 et_block_column et_pb_css_mix_blend_mode_passthrough\">\n<div class=\"et_pb_image_4 et_pb_image et_pb_module et_block_module\"><span class=\"et_pb_image_wrap\"><img loading=\"lazy\" decoding=\"async\" src=\"https:\/\/arportnavigation.com\/wp-content\/uploads\/2025\/06\/hungary_innovation_summit-logo-niu_m_cropped_2.png\" width=\"700\" height=\"334\" srcset=\"https:\/\/arportnavigation.com\/wp-content\/uploads\/2025\/06\/hungary_innovation_summit-logo-niu_m_cropped_2.png 700w, https:\/\/arportnavigation.com\/wp-content\/uploads\/2025\/06\/hungary_innovation_summit-logo-niu_m_cropped_2-480x229.png 480w\" sizes=\"(min-width: 0px) and (max-width: 480px) 480px, (min-width: 481px) 700px, 100vw\" class=\"wp-image-1261\" title=\"hungary_innovation_summit-logo-niu_m_cropped_2\" \/><\/span><\/div>\n<\/div>\n\n<div class=\"et_pb_column_19 et_pb_column et_pb_column_1_5 et_block_column et_pb_css_mix_blend_mode_passthrough\">\n<div class=\"et_pb_image_5 et_pb_image et_pb_module et_block_module\"><span class=\"et_pb_image_wrap\"><img loading=\"lazy\" decoding=\"async\" src=\"https:\/\/arportnavigation.com\/wp-content\/uploads\/2024\/10\/e979b7e16c0785a63cb90bef78443dac.png\" width=\"1000\" height=\"609\" srcset=\"https:\/\/arportnavigation.com\/wp-content\/uploads\/2024\/10\/e979b7e16c0785a63cb90bef78443dac.png 1000w, https:\/\/arportnavigation.com\/wp-content\/uploads\/2024\/10\/e979b7e16c0785a63cb90bef78443dac-980x597.png 980w, https:\/\/arportnavigation.com\/wp-content\/uploads\/2024\/10\/e979b7e16c0785a63cb90bef78443dac-480x292.png 480w\" sizes=\"(min-width: 0px) and (max-width: 480px) 480px, (min-width: 481px) and (max-width: 980px) 980px, (min-width: 981px) 1000px, 100vw\" class=\"wp-image-929\" title=\"e979b7e16c0785a63cb90bef78443dac\" \/><\/span><\/div>\n<\/div>\n\n<div class=\"et_pb_column_20 et_pb_column et_pb_column_1_5 et-last-child et_block_column et_pb_css_mix_blend_mode_passthrough\">\n<div class=\"et_pb_image_6 et_pb_image et_pb_module et_block_module\"><span class=\"et_pb_image_wrap\"><img loading=\"lazy\" decoding=\"async\" src=\"https:\/\/arportnavigation.com\/wp-content\/uploads\/2024\/10\/0-Full-colour-logo_euflag-NEW-1.png\" width=\"1350\" height=\"684\" srcset=\"https:\/\/arportnavigation.com\/wp-content\/uploads\/2024\/10\/0-Full-colour-logo_euflag-NEW-1.png 1350w, https:\/\/arportnavigation.com\/wp-content\/uploads\/2024\/10\/0-Full-colour-logo_euflag-NEW-1-1280x649.png 1280w, https:\/\/arportnavigation.com\/wp-content\/uploads\/2024\/10\/0-Full-colour-logo_euflag-NEW-1-980x497.png 980w, https:\/\/arportnavigation.com\/wp-content\/uploads\/2024\/10\/0-Full-colour-logo_euflag-NEW-1-480x243.png 480w\" sizes=\"(min-width: 0px) and (max-width: 480px) 480px, (min-width: 481px) and (max-width: 980px) 980px, (min-width: 981px) and (max-width: 1280px) 1280px, (min-width: 1281px) 1350px, 100vw\" class=\"wp-image-931\" title=\"0-Full-colour-logo_euflag-NEW-1\" \/><\/span><\/div>\n<\/div>\n<\/div>\n\n<div class=\"et_pb_row_10 et_pb_row et_pb_row_6col et_block_row et_block_row_6col\">\n<div class=\"et_pb_column_21 et_pb_column et_pb_column_1_6 et_block_column et_pb_column_empty et_pb_css_mix_blend_mode_passthrough\"><\/div>\n\n<div class=\"et_pb_column_22 et_pb_column et_pb_column_1_6 et_block_column et_pb_css_mix_blend_mode_passthrough\">\n<div class=\"et_pb_image_7 et_pb_image et_pb_module et_block_module\"><span class=\"et_pb_image_wrap\"><img loading=\"lazy\" decoding=\"async\" src=\"https:\/\/arportnavigation.com\/wp-content\/uploads\/2024\/12\/dt.png\" width=\"905\" height=\"540\" srcset=\"https:\/\/arportnavigation.com\/wp-content\/uploads\/2024\/12\/dt.png 905w, https:\/\/arportnavigation.com\/wp-content\/uploads\/2024\/12\/dt-480x286.png 480w\" sizes=\"(min-width: 0px) and (max-width: 480px) 480px, (min-width: 481px) 905px, 100vw\" class=\"wp-image-1138\" title=\"dt\" \/><\/span><\/div>\n<\/div>\n\n<div class=\"et_pb_column_23 et_pb_column et_pb_column_1_6 et_block_column et_pb_css_mix_blend_mode_passthrough\">\n<div class=\"et_pb_image_8 et_pb_image et_pb_module et_block_module\"><span class=\"et_pb_image_wrap\"><img loading=\"lazy\" decoding=\"async\" src=\"https:\/\/arportnavigation.com\/wp-content\/uploads\/2024\/10\/Zrzut-ekranu-2018-08-16-o-11.01.05dd.jpg\" width=\"1534\" height=\"755\" srcset=\"https:\/\/arportnavigation.com\/wp-content\/uploads\/2024\/10\/Zrzut-ekranu-2018-08-16-o-11.01.05dd.jpg 1534w, https:\/\/arportnavigation.com\/wp-content\/uploads\/2024\/10\/Zrzut-ekranu-2018-08-16-o-11.01.05dd-1280x630.jpg 1280w, https:\/\/arportnavigation.com\/wp-content\/uploads\/2024\/10\/Zrzut-ekranu-2018-08-16-o-11.01.05dd-980x482.jpg 980w, https:\/\/arportnavigation.com\/wp-content\/uploads\/2024\/10\/Zrzut-ekranu-2018-08-16-o-11.01.05dd-480x236.jpg 480w\" sizes=\"(min-width: 0px) and (max-width: 480px) 480px, (min-width: 481px) and (max-width: 980px) 980px, (min-width: 981px) and (max-width: 1280px) 1280px, (min-width: 1281px) 1534px, 100vw\" class=\"wp-image-982\" title=\"Zrzut-ekranu-2018-08-16-o-11.01.05dd\" \/><\/span><\/div>\n<\/div>\n\n<div class=\"et_pb_column_24 et_pb_column et_pb_column_1_6 et_block_column et_pb_css_mix_blend_mode_passthrough\">\n<div class=\"et_pb_image_9 et_pb_image et_pb_module et_block_module\"><span class=\"et_pb_image_wrap\"><img loading=\"lazy\" decoding=\"async\" src=\"https:\/\/arportnavigation.com\/wp-content\/uploads\/2024\/10\/Logo_transparent_Horizontal_EU.png\" width=\"3809\" height=\"2072\" srcset=\"https:\/\/arportnavigation.com\/wp-content\/uploads\/2024\/10\/Logo_transparent_Horizontal_EU.png 3809w, https:\/\/arportnavigation.com\/wp-content\/uploads\/2024\/10\/Logo_transparent_Horizontal_EU-1280x696.png 1280w, https:\/\/arportnavigation.com\/wp-content\/uploads\/2024\/10\/Logo_transparent_Horizontal_EU-980x533.png 980w, https:\/\/arportnavigation.com\/wp-content\/uploads\/2024\/10\/Logo_transparent_Horizontal_EU-480x261.png 480w\" sizes=\"(min-width: 0px) and (max-width: 480px) 480px, (min-width: 481px) and (max-width: 980px) 980px, (min-width: 981px) and (max-width: 1280px) 1280px, (min-width: 1281px) 3809px, 100vw\" class=\"wp-image-933\" title=\"Logo_transparent_Horizontal_EU\" \/><\/span><\/div>\n<\/div>\n\n<div class=\"et_pb_column_25 et_pb_column et_pb_column_1_6 et_block_column et_pb_css_mix_blend_mode_passthrough\">\n<div class=\"et_pb_image_10 et_pb_image et_pb_module et_block_module\"><span class=\"et_pb_image_wrap\"><img loading=\"lazy\" decoding=\"async\" src=\"https:\/\/arportnavigation.com\/wp-content\/uploads\/2024\/10\/startit_KH_logo_black_400.png\" width=\"400\" height=\"178\" srcset=\"https:\/\/arportnavigation.com\/wp-content\/uploads\/2024\/10\/startit_KH_logo_black_400.png 400w, https:\/\/arportnavigation.com\/wp-content\/uploads\/2024\/10\/startit_KH_logo_black_400-300x134.png 300w, https:\/\/arportnavigation.com\/wp-content\/uploads\/2024\/10\/startit_KH_logo_black_400-18x8.png 18w\" sizes=\"(max-width: 400px) 100vw, 400px\" class=\"wp-image-927\" title=\"startit_KH_logo_black_400\" \/><\/span><\/div>\n<\/div>\n\n<div class=\"et_pb_column_26 et_pb_column et_pb_column_1_6 et-last-child et_block_column et_pb_column_empty et_pb_css_mix_blend_mode_passthrough\"><\/div>\n<\/div>\n<\/div>","protected":false},"excerpt":{"rendered":"","protected":false},"author":1,"featured_media":32,"parent":0,"menu_order":0,"comment_status":"closed","ping_status":"closed","template":"","meta":{"footnotes":""},"class_list":["post-17","page","type-page","status-publish","has-post-thumbnail","hentry"],"_links":{"self":[{"href":"https:\/\/arportnavigation.com\/hu\/wp-json\/wp\/v2\/pages\/17","targetHints":{"allow":["GET"]}}],"collection":[{"href":"https:\/\/arportnavigation.com\/hu\/wp-json\/wp\/v2\/pages"}],"about":[{"href":"https:\/\/arportnavigation.com\/hu\/wp-json\/wp\/v2\/types\/page"}],"author":[{"embeddable":true,"href":"https:\/\/arportnavigation.com\/hu\/wp-json\/wp\/v2\/users\/1"}],"replies":[{"embeddable":true,"href":"https:\/\/arportnavigation.com\/hu\/wp-json\/wp\/v2\/comments?post=17"}],"version-history":[{"count":144,"href":"https:\/\/arportnavigation.com\/hu\/wp-json\/wp\/v2\/pages\/17\/revisions"}],"predecessor-version":[{"id":1652,"href":"https:\/\/arportnavigation.com\/hu\/wp-json\/wp\/v2\/pages\/17\/revisions\/1652"}],"wp:featuredmedia":[{"embeddable":true,"href":"https:\/\/arportnavigation.com\/hu\/wp-json\/wp\/v2\/media\/32"}],"wp:attachment":[{"href":"https:\/\/arportnavigation.com\/hu\/wp-json\/wp\/v2\/media?parent=17"}],"curies":[{"name":"wp","href":"https:\/\/api.w.org\/{rel}","templated":true}]}}